{"id":50,"date":"2025-10-05T16:01:05","date_gmt":"2025-10-05T16:01:05","guid":{"rendered":"https:\/\/ahavacateringco.com\/?page_id=50"},"modified":"2025-11-07T10:20:16","modified_gmt":"2025-11-07T17:20:16","slug":"contact","status":"publish","type":"page","link":"https:\/\/ahavacateringco.com\/es\/contact\/","title":{"rendered":"Ahav\u00e1 Catering | Reach Out to Plan Your Joyful Event"},"content":{"rendered":"<div data-elementor-type=\"wp-page\" data-elementor-id=\"50\" class=\"elementor elementor-50\" data-elementor-post-type=\"page\">\n\t\t\t\t<div class=\"elementor-element elementor-element-359b170 e-flex e-con-boxed elementor-invisible e-con e-parent\" data-id=\"359b170\" data-element_type=\"container\" data-e-type=\"container\" data-settings=\"{&quot;background_background&quot;:&quot;classic&quot;,&quot;animation&quot;:&quot;fadeIn&quot;}\">\n\t\t\t\t\t<div class=\"e-con-inner\">\n\t\t\t\t<div class=\"elementor-element elementor-element-9d74251 elementor-widget elementor-widget-heading\" data-id=\"9d74251\" data-element_type=\"widget\" data-e-type=\"widget\" data-widget_type=\"heading.default\">\n\t\t\t\t\t<h2 class=\"elementor-heading-title elementor-size-default\">Conectemos<\/h2>\t\t\t\t<\/div>\n\t\t\t\t<div class=\"elementor-element elementor-element-19e6dd6 elementor-widget elementor-widget-text-editor\" data-id=\"19e6dd6\" data-element_type=\"widget\" data-e-type=\"widget\" data-widget_type=\"text-editor.default\">\n\t\t\t\t\t\t\t\t\t<p>Ya sea que est\u00e9s planeando tu primera cata o solo tengas algunas preguntas, me encantar\u00eda conocer los detalles de tu evento. Puedes llamarme o enviarme un correo electr\u00f3nico para programar una consulta gratuita a continuaci\u00f3n.<\/p>\n<p>Mi disponibilidad var\u00eda cada semana. Por favor ll\u00e1mame o env\u00edame un correo electr\u00f3nico con algunos horarios que te convengan, y confirmar\u00e9 tu cita personalmente.<\/p>\t\t\t\t\t\t\t\t<\/div>\n\t\t\t\t<div class=\"elementor-element elementor-element-1c59450 elementor-widget elementor-widget-image\" data-id=\"1c59450\" data-element_type=\"widget\" data-e-type=\"widget\" data-widget_type=\"image.default\">\n\t\t\t\t\t\t\t\t\t\t\t\t<figure class=\"wp-caption\">\n\t\t\t\t\t\t\t\t\t\t<img fetchpriority=\"high\" decoding=\"async\" width=\"800\" height=\"800\" src=\"https:\/\/ahavacateringco.com\/wp-content\/uploads\/2025\/11\/Sonia-2-scaled-e1762535919292-1024x1024.jpeg\" class=\"attachment-large size-large wp-image-1657\" alt=\"Sonia Gutierrez cooking in her kitchen\" srcset=\"https:\/\/ahavacateringco.com\/wp-content\/uploads\/2025\/11\/Sonia-2-scaled-e1762535919292-1024x1024.jpeg 1024w, https:\/\/ahavacateringco.com\/wp-content\/uploads\/2025\/11\/Sonia-2-scaled-e1762535919292-300x300.jpeg 300w, https:\/\/ahavacateringco.com\/wp-content\/uploads\/2025\/11\/Sonia-2-scaled-e1762535919292-150x150.jpeg 150w, https:\/\/ahavacateringco.com\/wp-content\/uploads\/2025\/11\/Sonia-2-scaled-e1762535919292-768x768.jpeg 768w, https:\/\/ahavacateringco.com\/wp-content\/uploads\/2025\/11\/Sonia-2-scaled-e1762535919292-1536x1536.jpeg 1536w, https:\/\/ahavacateringco.com\/wp-content\/uploads\/2025\/11\/Sonia-2-scaled-e1762535919292-12x12.jpeg 12w, https:\/\/ahavacateringco.com\/wp-content\/uploads\/2025\/11\/Sonia-2-scaled-e1762535919292-600x600.jpeg 600w, https:\/\/ahavacateringco.com\/wp-content\/uploads\/2025\/11\/Sonia-2-scaled-e1762535919292.jpeg 1920w\" sizes=\"(max-width: 800px) 100vw, 800px\" \/>\t\t\t\t\t\t\t\t\t\t\t<figcaption class=\"widget-image-caption wp-caption-text\">Sonia Gutierrez<\/figcaption>\n\t\t\t\t\t\t\t\t\t\t<\/figure>\n\t\t\t\t\t\t\t\t\t<\/div>\n\t\t\t\t\t<\/div>\n\t\t\t\t<\/div>\n\t\t<div class=\"elementor-element elementor-element-6f3925d e-flex e-con-boxed e-con e-parent\" data-id=\"6f3925d\" data-element_type=\"container\" data-e-type=\"container\" data-settings=\"{&quot;background_background&quot;:&quot;classic&quot;}\">\n\t\t\t\t\t<div class=\"e-con-inner\">\n\t\t<div class=\"elementor-element elementor-element-930c9ab e-flex e-con-boxed e-con e-child\" data-id=\"930c9ab\" data-element_type=\"container\" data-e-type=\"container\">\n\t\t\t\t\t<div class=\"e-con-inner\">\n\t\t\t\t<div class=\"elementor-element elementor-element-786ac42 elementor-widget__width-initial elementor-view-default elementor-position-block-start elementor-mobile-position-block-start elementor-invisible elementor-widget elementor-widget-icon-box\" data-id=\"786ac42\" data-element_type=\"widget\" data-e-type=\"widget\" data-settings=\"{&quot;_animation&quot;:&quot;fadeIn&quot;,&quot;_animation_delay&quot;:333}\" data-widget_type=\"icon-box.default\">\n\t\t\t\t\t\t\t<div class=\"elementor-icon-box-wrapper\">\n\n\t\t\t\t\t\t<div class=\"elementor-icon-box-icon\">\n\t\t\t\t<a href=\"mailto:sonia@ahavacateringco.com?subject=Request%20a%20Consultation%20%7C%20Solicitar%20una%20Consulta&#038;body=Hello%20Sonia,%0A%0AI&#039;d%20like%20to%20request%20a%20consultation%20for%20catering%20services.%0A%0AEvent%20Date%20%2F%20Fecha%20del%20Evento:%0AEvent%20Type%20%2F%20Tipo%20de%20Evento:%0AApprox.%20Guest%20Count%20%2F%20N%C3%BAmero%20de%20Invitados:%0AVenue%20%2F%20Lugar:%0AAdditional%20Details%20%2F%20Detalles%20Adicionales:%0A%0AThank%20you!%0A%0AGracias!%0A%0A%5BYour%20Name%20%2F%20Su%20Nombre%5D\" class=\"elementor-icon\" tabindex=\"-1\" aria-label=\"Correo electr\u00f3nico\">\n\t\t\t\t<svg aria-hidden=\"true\" class=\"e-font-icon-svg e-fas-envelope\" viewbox=\"0 0 512 512\" xmlns=\"http:\/\/www.w3.org\/2000\/svg\"><path d=\"M502.3 190.8c3.9-3.1 9.7-.2 9.7 4.7V400c0 26.5-21.5 48-48 48H48c-26.5 0-48-21.5-48-48V195.6c0-5 5.7-7.8 9.7-4.7 22.4 17.4 52.1 39.5 154.1 113.6 21.1 15.4 56.7 47.8 92.2 47.6 35.7.3 72-32.8 92.3-47.6 102-74.1 131.6-96.3 154-113.7zM256 320c23.2.4 56.6-29.2 73.4-41.4 132.7-96.3 142.8-104.7 173.4-128.7 5.8-4.5 9.2-11.5 9.2-18.9v-19c0-26.5-21.5-48-48-48H48C21.5 64 0 85.5 0 112v19c0 7.4 3.4 14.3 9.2 18.9 30.6 23.9 40.7 32.4 173.4 128.7 16.8 12.2 50.2 41.8 73.4 41.4z\"><\/path><\/svg>\t\t\t\t<\/a>\n\t\t\t<\/div>\n\t\t\t\n\t\t\t\t\t\t<div class=\"elementor-icon-box-content\">\n\n\t\t\t\t\t\t\t\t\t<h3 class=\"elementor-icon-box-title\">\n\t\t\t\t\t\t<a href=\"mailto:sonia@ahavacateringco.com?subject=Request%20a%20Consultation%20%7C%20Solicitar%20una%20Consulta&#038;body=Hello%20Sonia,%0A%0AI&#039;d%20like%20to%20request%20a%20consultation%20for%20catering%20services.%0A%0AEvent%20Date%20%2F%20Fecha%20del%20Evento:%0AEvent%20Type%20%2F%20Tipo%20de%20Evento:%0AApprox.%20Guest%20Count%20%2F%20N%C3%BAmero%20de%20Invitados:%0AVenue%20%2F%20Lugar:%0AAdditional%20Details%20%2F%20Detalles%20Adicionales:%0A%0AThank%20you!%0A%0AGracias!%0A%0A%5BYour%20Name%20%2F%20Su%20Nombre%5D\" >\n\t\t\t\t\t\t\tCorreo electr\u00f3nico\t\t\t\t\t\t<\/a>\n\t\t\t\t\t<\/h3>\n\t\t\t\t\n\t\t\t\t\t\t\t\t\t<p class=\"elementor-icon-box-description\">\n\t\t\t\t\t\tsonia@ahavacateringco.com\t\t\t\t\t<\/p>\n\t\t\t\t\n\t\t\t<\/div>\n\t\t\t\n\t\t<\/div>\n\t\t\t\t\t\t<\/div>\n\t\t\t\t<div class=\"elementor-element elementor-element-d9e199f elementor-widget__width-initial elementor-view-default elementor-position-block-start elementor-mobile-position-block-start elementor-invisible elementor-widget elementor-widget-icon-box\" data-id=\"d9e199f\" data-element_type=\"widget\" data-e-type=\"widget\" data-settings=\"{&quot;_animation&quot;:&quot;fadeIn&quot;,&quot;_animation_delay&quot;:333}\" data-widget_type=\"icon-box.default\">\n\t\t\t\t\t\t\t<div class=\"elementor-icon-box-wrapper\">\n\n\t\t\t\t\t\t<div class=\"elementor-icon-box-icon\">\n\t\t\t\t<a href=\"tel:7207369342\" class=\"elementor-icon\" tabindex=\"-1\" aria-label=\"Tel\u00e9fono\">\n\t\t\t\t<svg aria-hidden=\"true\" class=\"e-font-icon-svg e-fas-phone\" viewbox=\"0 0 512 512\" xmlns=\"http:\/\/www.w3.org\/2000\/svg\"><path d=\"M493.4 24.6l-104-24c-11.3-2.6-22.9 3.3-27.5 13.9l-48 112c-4.2 9.8-1.4 21.3 6.9 28l60.6 49.6c-36 76.7-98.9 140.5-177.2 177.2l-49.6-60.6c-6.8-8.3-18.2-11.1-28-6.9l-112 48C3.9 366.5-2 378.1.6 389.4l24 104C27.1 504.2 36.7 512 48 512c256.1 0 464-207.5 464-464 0-11.2-7.7-20.9-18.6-23.4z\"><\/path><\/svg>\t\t\t\t<\/a>\n\t\t\t<\/div>\n\t\t\t\n\t\t\t\t\t\t<div class=\"elementor-icon-box-content\">\n\n\t\t\t\t\t\t\t\t\t<h3 class=\"elementor-icon-box-title\">\n\t\t\t\t\t\t<a href=\"tel:7207369342\" >\n\t\t\t\t\t\t\tTel\u00e9fono\t\t\t\t\t\t<\/a>\n\t\t\t\t\t<\/h3>\n\t\t\t\t\n\t\t\t\t\t\t\t\t\t<p class=\"elementor-icon-box-description\">\n\t\t\t\t\t\t(720) 736-9342\t\t\t\t\t<\/p>\n\t\t\t\t\n\t\t\t<\/div>\n\t\t\t\n\t\t<\/div>\n\t\t\t\t\t\t<\/div>\n\t\t\t\t<div class=\"elementor-element elementor-element-9fb7447 elementor-widget__width-initial elementor-hidden-desktop elementor-hidden-tablet elementor-hidden-mobile elementor-view-default elementor-position-block-start elementor-mobile-position-block-start elementor-invisible elementor-widget elementor-widget-icon-box\" data-id=\"9fb7447\" data-element_type=\"widget\" data-e-type=\"widget\" data-settings=\"{&quot;_animation&quot;:&quot;fadeIn&quot;,&quot;_animation_delay&quot;:333}\" data-widget_type=\"icon-box.default\">\n\t\t\t\t\t\t\t<div class=\"elementor-icon-box-wrapper\">\n\n\t\t\t\t\t\t<div class=\"elementor-icon-box-icon\">\n\t\t\t\t<a href=\"#schedule-consultation\" class=\"elementor-icon\" tabindex=\"-1\" aria-label=\"Schedule a Consultation\">\n\t\t\t\t<svg aria-hidden=\"true\" class=\"e-font-icon-svg e-fas-calendar-alt\" viewbox=\"0 0 448 512\" xmlns=\"http:\/\/www.w3.org\/2000\/svg\"><path d=\"M0 464c0 26.5 21.5 48 48 48h352c26.5 0 48-21.5 48-48V192H0v272zm320-196c0-6.6 5.4-12 12-12h40c6.6 0 12 5.4 12 12v40c0 6.6-5.4 12-12 12h-40c-6.6 0-12-5.4-12-12v-40zm0 128c0-6.6 5.4-12 12-12h40c6.6 0 12 5.4 12 12v40c0 6.6-5.4 12-12 12h-40c-6.6 0-12-5.4-12-12v-40zM192 268c0-6.6 5.4-12 12-12h40c6.6 0 12 5.4 12 12v40c0 6.6-5.4 12-12 12h-40c-6.6 0-12-5.4-12-12v-40zm0 128c0-6.6 5.4-12 12-12h40c6.6 0 12 5.4 12 12v40c0 6.6-5.4 12-12 12h-40c-6.6 0-12-5.4-12-12v-40zM64 268c0-6.6 5.4-12 12-12h40c6.6 0 12 5.4 12 12v40c0 6.6-5.4 12-12 12H76c-6.6 0-12-5.4-12-12v-40zm0 128c0-6.6 5.4-12 12-12h40c6.6 0 12 5.4 12 12v40c0 6.6-5.4 12-12 12H76c-6.6 0-12-5.4-12-12v-40zM400 64h-48V16c0-8.8-7.2-16-16-16h-32c-8.8 0-16 7.2-16 16v48H160V16c0-8.8-7.2-16-16-16h-32c-8.8 0-16 7.2-16 16v48H48C21.5 64 0 85.5 0 112v48h448v-48c0-26.5-21.5-48-48-48z\"><\/path><\/svg>\t\t\t\t<\/a>\n\t\t\t<\/div>\n\t\t\t\n\t\t\t\t\t\t<div class=\"elementor-icon-box-content\">\n\n\t\t\t\t\t\t\t\t\t<h3 class=\"elementor-icon-box-title\">\n\t\t\t\t\t\t<a href=\"#schedule-consultation\" >\n\t\t\t\t\t\t\tSchedule a Consultation\t\t\t\t\t\t<\/a>\n\t\t\t\t\t<\/h3>\n\t\t\t\t\n\t\t\t\t\t\t\t\t\t<p class=\"elementor-icon-box-description\">\n\t\t\t\t\t\tBook Now \u2192\t\t\t\t\t<\/p>\n\t\t\t\t\n\t\t\t<\/div>\n\t\t\t\n\t\t<\/div>\n\t\t\t\t\t\t<\/div>\n\t\t\t\t\t<\/div>\n\t\t\t\t<\/div>\n\t\t\t\t<div class=\"elementor-element elementor-element-3c93198 elementor-widget elementor-widget-text-editor\" data-id=\"3c93198\" data-element_type=\"widget\" data-e-type=\"widget\" data-widget_type=\"text-editor.default\">\n\t\t\t\t\t\t\t\t\t<p>\ud83d\udccd <strong data-start=\"1185\" data-end=\"1220\">Sirviendo al \u00e1rea metropolitana de Denver<\/strong><br data-start=\"1220\" data-end=\"1223\" \/>Llevamos la celebraci\u00f3n hasta ti: ofrecemos servicio de catering en Denver, Colorado Springs y en todo Colorado.<\/p>\t\t\t\t\t\t\t\t<\/div>\n\t\t\t\t\t<\/div>\n\t\t\t\t<\/div>\n\t\t<div class=\"elementor-element elementor-element-de1a01f elementor-hidden-desktop elementor-hidden-tablet elementor-hidden-mobile e-flex e-con-boxed e-con e-parent\" data-id=\"de1a01f\" data-element_type=\"container\" data-e-type=\"container\" id=\"schedule-consultation\" data-settings=\"{&quot;background_background&quot;:&quot;classic&quot;}\">\n\t\t\t\t\t<div class=\"e-con-inner\">\n\t\t\t\t<div class=\"elementor-element elementor-element-03f4ee9 elementor-widget elementor-widget-heading\" data-id=\"03f4ee9\" data-element_type=\"widget\" data-e-type=\"widget\" data-widget_type=\"heading.default\">\n\t\t\t\t\t<h2 class=\"elementor-heading-title elementor-size-default\">Ready to Talk About Your Event?<\/h2>\t\t\t\t<\/div>\n\t\t\t\t<div class=\"elementor-element elementor-element-fed1056 elementor-widget elementor-widget-text-editor\" data-id=\"fed1056\" data-element_type=\"widget\" data-e-type=\"widget\" data-widget_type=\"text-editor.default\">\n\t\t\t\t\t\t\t\t\t<p>Schedule a complimentary consultation using the calendar below.<\/p>\t\t\t\t\t\t\t\t<\/div>\n\t\t\t\t<div class=\"elementor-element elementor-element-f02b7a9 elementor-widget elementor-widget-text-editor\" data-id=\"f02b7a9\" data-element_type=\"widget\" data-e-type=\"widget\" data-widget_type=\"text-editor.default\">\n\t\t\t\t\t\t\t\t\t<p data-start=\"1892\" data-end=\"2012\">Once you book your consultation, I\u2019ll reach out to confirm your appointment and gather a few details about your event.<\/p><p data-start=\"2019\" data-end=\"2145\">There\u2019s no commitment \u2014 this conversation simply helps us learn about your celebration and share ideas that fit your vision.<\/p>\t\t\t\t\t\t\t\t<\/div>\n\t\t\t\t\t<\/div>\n\t\t\t\t<\/div>\n\t\t\t\t<\/div>","protected":false},"excerpt":{"rendered":"<p>Let&#8217;s Connect Whether you\u2019re planning your first tasting or just have a few questions, I\u2019d love to hear about your event. You can call or email me to schedule a complimentary consultation below. My availability varies each week. Please call or email with a few times that work best for you, and I\u2019ll confirm your [&hellip;]<\/p>\n","protected":false},"author":1,"featured_media":0,"parent":0,"menu_order":7,"comment_status":"closed","ping_status":"closed","template":"","meta":{"footnotes":""},"class_list":["post-50","page","type-page","status-publish","hentry"],"aioseo_notices":[],"_links":{"self":[{"href":"https:\/\/ahavacateringco.com\/es\/wp-json\/wp\/v2\/pages\/50","targetHints":{"allow":["GET"]}}],"collection":[{"href":"https:\/\/ahavacateringco.com\/es\/wp-json\/wp\/v2\/pages"}],"about":[{"href":"https:\/\/ahavacateringco.com\/es\/wp-json\/wp\/v2\/types\/page"}],"author":[{"embeddable":true,"href":"https:\/\/ahavacateringco.com\/es\/wp-json\/wp\/v2\/users\/1"}],"replies":[{"embeddable":true,"href":"https:\/\/ahavacateringco.com\/es\/wp-json\/wp\/v2\/comments?post=50"}],"version-history":[{"count":84,"href":"https:\/\/ahavacateringco.com\/es\/wp-json\/wp\/v2\/pages\/50\/revisions"}],"predecessor-version":[{"id":1664,"href":"https:\/\/ahavacateringco.com\/es\/wp-json\/wp\/v2\/pages\/50\/revisions\/1664"}],"wp:attachment":[{"href":"https:\/\/ahavacateringco.com\/es\/wp-json\/wp\/v2\/media?parent=50"}],"curies":[{"name":"wp","href":"https:\/\/api.w.org\/{rel}","templated":true}]}}